{"id":3,"date":"2022-12-05T13:16:28","date_gmt":"2022-12-05T12:16:28","guid":{"rendered":"https:\/\/dti.net.pl\/?page_id=3"},"modified":"2023-02-10T11:35:59","modified_gmt":"2023-02-10T10:35:59","slug":"polityka-prywatnosci","status":"publish","type":"page","link":"https:\/\/dti.net.pl\/index.php\/polityka-prywatnosci\/","title":{"rendered":"Polityka prywatno\u015bci"},"content":{"rendered":"\n<h2 class=\"has-text-align-center\"><em>Postanowienia og\u00f3lne<\/em><\/h2>\n\n\n\n<p>Niniejsza Polityka Prywatno\u015bci jest skierowana do U\u017cytkownik\u00f3w serwisu internetowego zamieszczonego i prowadzonego pod adresem: <a href=\"https:\/\/dti.net.pl\/\">https:\/\/dti.net.pl\/<\/a> (dalej jako: Serwis).<\/p>\n\n\n\n<p>Polityka okre\u015bla zasady gromadzenia i przetwarzania danych osobowych pozyskiwanych przez Administratora podczas korzystania z Serwisu.<\/p>\n\n\n\n<p>Polityka ta ma r\u00f3wnie\u017c zastosowanie do przetwarzania przez Administratora danych osobowych os\u00f3b obserwuj\u0105cych profil Administratora na portalach spo\u0142eczno\u015bciowych: Facebook, Instagram, Linkedin oraz Youtube. Informacje o celu gromadzenia danych, zakresie gromadzonych danych, ich dalszym przetwarzaniu i wykorzystywaniu przez poszczeg\u00f3lne serwisy spo\u0142eczno\u015bciowe oraz zwi\u0105zanych z tym prawach u\u017cytkownik\u00f3w i mo\u017cliwych ustawieniach w celu ochrony prywatno\u015bci podane s\u0105 w politykach prywatno\u015bci poszczeg\u00f3lnych serwis\u00f3w spo\u0142eczno\u015bciowych.<\/p>\n\n\n\n<h2 class=\"has-text-align-center\"><em>Administrator danych osobowych<\/em><\/h2>\n\n\n\n<p>Podmiotem odpowiedzialnym za funkcjonowanie tej strony internetowej oraz administratorem danych osobowych jest <em><strong>Dolno\u015bl\u0105skie Towarzystwo Inwestycyjne Sp. z o.o. <\/strong><\/em>z siedzib\u0105<br>w Wa\u0142brzychu, przy ul. Dr. Wojciecha Oczki 2\/6, NIP: 8862987681,<br>KRS: 0000567280, dalej zwana \u201eAdministratorem\u201d. Pozosta\u0142e dane kontaktowe Administratora to e-mail: &#x73;&#x74;&#114;o&#x6e;&#x61;&#x40;&#100;t&#x69;&#x2e;&#x6e;&#101;t&#x2e;&#x70;&#x6c;, tel.: +48 609437748.<\/p>\n\n\n\n<h2 class=\"has-text-align-center\"><em>Cele i zakres przetwarzania danych osobowych <\/em><\/h2>\n\n\n\n<p>Podane przez Pa\u0144stwa dane osobowe, b\u0119d\u0105 przetwarzane:<\/p>\n\n\n\n<ol type=\"1\">\n<li>w celu umo\u017cliwienie Pa\u0144stwu korzystania z Serwisu ,<\/li>\n\n\n\n<li>w celu i w zakresie niezb\u0119dnym w zwi\u0105zku z zawarciem i wykonaniem umowy (np. z\u0142o\u017cenie zapytania o \u015bwiadczone us\u0142ugi),<\/li>\n\n\n\n<li>w celu wype\u0142nienia obowi\u0105zku prawnego ci\u0105\u017c\u0105cego na Administratorze (wynikaj\u0105cego np. z przepis\u00f3w o rachunkowo\u015bci i przepis\u00f3w podatkowych),<\/li>\n\n\n\n<li>w celach wynikaj\u0105cych z prawnie uzasadnionych interes\u00f3w realizowanych przez administratora (tj. zabezpieczenie i dochodzenie roszcze\u0144, marketing produkt\u00f3w i us\u0142ug w\u0142asnych),<\/li>\n\n\n\n<li>w celu&nbsp; tworzenia anonimowych statystyk u\u017cytkownik\u00f3w (za pomoc\u0105 Googel Analytics).<\/li>\n<\/ol>\n\n\n\n<p>Administrator w zwi\u0105zku z realizacj\u0105 powy\u017cszych cel\u00f3w przetwarzania danych mo\u017ce przetwarza\u0107 nast\u0119puj\u0105ce Pa\u0144stwa dane osobowe: imi\u0119 i nazwisko, nazwa firmy,<br>nr identyfikacyjne takie jak np. NIP, adres e-mail, nr telefonu, a tak\u017ce inne dane wynikaj\u0105ce<br>z Pa\u0144stwa profilu w portalu spo\u0142eczno\u015bciowym, za po\u015brednictwem, kt\u00f3rego kontaktuj\u0105 si\u0119 Pa\u0144stwo z Administratorem. Administrator b\u0119dzie tak\u017ce przetwarza\u0142 takie dane jak pliki cookies oraz numer IP.<\/p>\n\n\n\n<h2 class=\"has-text-align-center\"><em>Udost\u0119pnianie danych osobowych<\/em><\/h2>\n\n\n\n<p>Pa\u0144stwa dane osobowe zostan\u0105 udost\u0119pnione w\u0142a\u015bciwym organom pa\u0144stwowym<br>lub osobom trzecim, je\u017celi taki obowi\u0105zek b\u0119dzie wynika\u0107 z powszechnie obowi\u0105zuj\u0105cego prawa. Administrator w celu prawid\u0142owej realizacji \u015bwiadczonych przez niego us\u0142ug mo\u017ce udost\u0119pni\u0107 Pa\u0144stwa dane osobowe podmiotom, kt\u00f3re wspieraj\u0105 Administratora<br>w prawid\u0142owej realizacji us\u0142ugi np. hostingodawcy. Administrator przetwarza dane osobowe pochodz\u0105ce bezpo\u015brednio od Pa\u0144stwa (os\u00f3b, kt\u00f3rych dane dotycz\u0105).<\/p>\n\n\n\n<h2 class=\"has-text-align-center\"><em>Ochrona danych<\/em><\/h2>\n\n\n\n<p>Administrator jest zobowi\u0105zany do ochrony Pa\u0144stwa danych zgromadzonych podczas dokonywania korzystania z Serwisu zgodnie z obowi\u0105zuj\u0105cymi przepisami oraz zgodnie<br>z najwy\u017cszymi standardami bezpiecze\u0144stwa i ochrony danych.<\/p>\n\n\n\n<p>Administrator podejmuje wszelkie mo\u017cliwe \u015brodki, aby dane osobowe by\u0142y:<\/p>\n\n\n\n<ol type=\"1\">\n<li>poprawne i przetwarzane w spos\u00f3b zgodny z prawem,<\/li>\n\n\n\n<li>uzyskane tylko dla okre\u015blonych cel\u00f3w i nie przetwarzane dalej w spos\u00f3b niezgodny z tymi celami,<\/li>\n\n\n\n<li>adekwatne, odpowiednie i nienadmierne,<\/li>\n\n\n\n<li>dok\u0142adne i aktualne,<\/li>\n\n\n\n<li>nie przechowywane d\u0142u\u017cej ni\u017c to konieczne,<\/li>\n\n\n\n<li>przetwarzane zgodnie z prawami przys\u0142uguj\u0105cymi osobom, kt\u00f3rych dotycz\u0105, w tym zgodnie z prawem do zastrze\u017cenia udost\u0119pniania,<\/li>\n\n\n\n<li>bezpiecznie przechowywane,<\/li>\n\n\n\n<li>nie transferowane bez odpowiedniej ochrony.<\/li>\n<\/ol>\n\n\n\n<p>Zbiory danych osobowych s\u0105 zabezpieczone przed dost\u0119pem os\u00f3b trzecich. Do przetwarzania Pa\u0144stwa danych osobowych dopuszczone s\u0105 wy\u0142\u0105cznie osoby posiadaj\u0105ce upowa\u017cnienie od Administratora, przeszkolone w zakresie ochrony danych osobowych i zobowi\u0105zane do zachowania Pa\u0144stwa danych osobowych w tajemnicy.<\/p>\n\n\n\n<p>Dane osobowe zbierane w celu zawarcia lub wykonania umowy oraz wype\u0142nienia obowi\u0105zku prawnego przez Administratora s\u0105 przechowywane przez okres niezb\u0119dny do: (1) zabezpieczenia lub dochodzenia ewentualnych roszcze\u0144 wynikaj\u0105cych z umowy, (2) realizacji umowy<br>(np. rozpatrywanie reklamacji), (3) wywi\u0105zania si\u0119 z obowi\u0105zku prawnego na\u0142o\u017conego na Administratora (wynikaj\u0105cego np. z przepis\u00f3w o rachunkowo\u015bci i przepis\u00f3w podatkowych). Dane osobowe przetwarzane do cel\u00f3w marketingowych i innych cel\u00f3w ni\u017c wymienione powy\u017cej przetwarzane b\u0119d\u0105 do chwili cofni\u0119cia uprzednio wyra\u017conej zgody na ich przetwarzanie w tym celu lub do chwili wniesienia sprzeciwu.<\/p>\n\n\n\n<h2 class=\"has-text-align-center\"><em>Uprawnienia<\/em><\/h2>\n\n\n\n<p>Jeste\u015bcie Pa\u0144stwo uprawnieni do \u017c\u0105dania od administratora dost\u0119pu do danych osobowych, ich sprostowania, usuni\u0119cia lub ograniczenia przetwarzania, prawo do przenoszenia danych oraz wniesienia sprzeciwu wobec przetwarzania, a tak\u017ce prawo do przenoszenia danych. Przys\u0142uguje Pa\u0144stwu prawo do cofni\u0119cia uprzednio wyra\u017conej zgody na przetwarzanie danych osobowych<br>w dowolnym momencie.<\/p>\n\n\n\n<p>Macie Pa\u0144stwo prawo uzyska\u0107 od Administratora nast\u0119puj\u0105ce informacje:<\/p>\n\n\n\n<ol type=\"1\">\n<li>cel, zakres i spos\u00f3b przetwarzania Pa\u0144stwa danych osobowych,<\/li>\n\n\n\n<li>data, od kt\u00f3rej Pa\u0144stwa dane s\u0105 przetwarzane,<\/li>\n\n\n\n<li>\u017ar\u00f3d\u0142o z kt\u00f3rego pochodz\u0105 Pa\u0144stwa dane,<\/li>\n\n\n\n<li>odbiorcy lub kategorie odbiorc\u00f3w, kt\u00f3rym dane s\u0105 udost\u0119pniane.<\/li>\n<\/ol>\n\n\n\n<p>Ponadto na Pa\u0144stwa \u017c\u0105danie Administrator, uzupe\u0142ni, uaktualni oraz sprostuje Pa\u0144stwa dane osobowe, jak r\u00f3wnie\u017c wstrzyma (czasowo lub na sta\u0142e) ich przetwarzanie lub je usunie je\u015bli Pa\u0144stwa dane oka\u017c\u0105 si\u0119 niekompletne, nieaktualne, nieprawdziwe lub zosta\u0142y zebrane<br>z naruszeniem ustawy albo s\u0105 ju\u017c zb\u0119dne do realizacji celu, dla kt\u00f3rego zosta\u0142y zebrane.<\/p>\n\n\n\n<p>Poza tym w przypadku przetwarzania Pa\u0144stwa danych przez Administratora w celu marketingu bezpo\u015bredniego maj\u0105 Pa\u0144stwo prawo w dowolnym momencie wnie\u015b\u0107 sprzeciw wobec przetwarzania danych osobowych na potrzeby takiego marketingu,<br>w tym profilowania, w zakresie, w jakim przetwarzanie jest zwi\u0105zane z takim marketingiem bezpo\u015brednim. Aby skorzysta\u0107 z uprawnie\u0144, o kt\u00f3rych mowa w niniejszym ust\u0119pie nale\u017cy przedstawi\u0107 Administratorowi stosowne \u017c\u0105danie na adres e-mail wskazany w ust. 2.<\/p>\n\n\n\n<p>Przys\u0142uguje Pa\u0144stwu prawo do wniesienia skargi do organu nadzorczego, gdy uznaj\u0105 Pa\u0144stwo, \u017ce przetwarzanie danych osobowych narusza obowi\u0105zuj\u0105ce przepisy.<\/p>\n\n\n\n<h2 class=\"has-text-align-center\"><em>Ciasteczka (cookies)<\/em><\/h2>\n\n\n\n<p>Administrator o\u015bwiadcza, \u017ce korzysta z plik\u00f3w \u201ecookies\u201d (ciasteczka). Pliki cookies to informacje, kt\u00f3re s\u0105 wysy\u0142ane przez serwer i zapisuj\u0105 si\u0119 na Pa\u0144stwa urz\u0105dzeniu (np. dysku twardym komputera lub w pami\u0119ci telefonu).<\/p>\n\n\n\n<p>Dane uzyskane za pomoc\u0105 plik\u00f3w cookies nie pozwalaj\u0105 na zidentyfikowanie Pa\u0144stwa, ale umo\u017cliwiaj\u0105 Administratorowi okre\u015blenie czy przy u\u017cyciu danego urz\u0105dzenia odwiedzano Serwis (co nie jest jednoznaczne z informacj\u0105 na temat tego kto Serwis odwiedza\u0142) i jakie jego u\u017cytkownik mia\u0142 w\u00f3wczas preferencje (co go najbardziej zainteresowa\u0142o w Serwisie).<\/p>\n\n\n\n<p>Administrator wykorzystuje wewn\u0119trzne pliki cookies w celu: zapewnienia prawid\u0142owego funkcjonowania Serwisu, statystycznym oraz przystosowania Serwisu do Pa\u0144stwa preferencji.<\/p>\n\n\n\n<p>Administrator mo\u017ce umieszcza\u0107 na Pa\u0144stwa urz\u0105dzeniu zar\u00f3wno pliki trwa\u0142e jak<br>i tymczasowe. Pliki tymczasowe s\u0105 zazwyczaj usuwane z chwil\u0105 zamkni\u0119cia przegl\u0105darki, natomiast w stosunku do plik\u00f3w trwa\u0142ych zamkni\u0119cie przegl\u0105darki nie powoduje ich usuni\u0119cia.<\/p>\n\n\n\n<p>&nbsp;Pliki tymczasowe s\u0142u\u017c\u0105 do zidentyfikowania U\u017cytkownika jako zalogowanego. Pliki trwa\u0142e to pliki kt\u00f3re zapewniaj\u0105 okre\u015blone funkcje nie tylko w toku danej sesji, ale przez ca\u0142y okres ich przechowywania na urz\u0105dzeniu. Pliki trwa\u0142e s\u0142u\u017c\u0105 przyk\u0142adowo do zbierania informacji na temat sposobu korzystania z Serwisu, w tym danych na temat odwiedzanych przez U\u017cytkownika podstron oraz ewentualnych b\u0142\u0119d\u00f3w czy sprawdzania skuteczno\u015bci reklam Serwisu.<\/p>\n\n\n\n<p>Administrator wykorzystuje w celu reklamy Serwisu i \u015bwiadczonych przez siebie us\u0142ug narz\u0119dzia do marketingu i reklamy w Internecie. Narz\u0119dzia te mog\u0105 u\u017cywa\u0107 plik\u00f3w cookies umieszczonych na Pa\u0144stwa urz\u0105dzeniu. W ka\u017cdej chwili mo\u017cecie Pa\u0144stwo usun\u0105\u0107 pliki cookies pozostawione przez Serwis z Pa\u0144stwa urz\u0105dzenia zgodnie z instrukcj\u0105 producenta Pa\u0144stwa przegl\u0105darki internetowej.<\/p>\n\n\n\n<p>Istnieje r\u00f3wnie\u017c mo\u017cliwo\u015b\u0107 zablokowania dost\u0119pu plik\u00f3w cookies do Pa\u0144stwa urz\u0105dzenia poprzez odpowiednie konfigurowanie Pa\u0144stwa przegl\u0105darki, jednak\u017ce w\u00f3wczas Serwis mo\u017ce nie funkcjonowa\u0107 prawid\u0142owo.<\/p>\n\n\n\n<h2 class=\"has-text-align-center\"><em>Postanowienia ko\u0144cowe <\/em><\/h2>\n\n\n\n<p>W przysz\u0142o\u015bci mo\u017ce zaj\u015b\u0107 konieczno\u015b\u0107 aktualizacji Zasad okre\u015blonych w niniejszej Polityce Prywatno\u015bci. W\u00f3wczas Administrator poinformuje o ka\u017cdej zmianie tre\u015bci niniejszej Polityki. Aktualizacja zasad b\u0119dzie dost\u0119pna na stronie internetowej Serwisu.<\/p>\n\n\n\n<h3 class=\"has-text-align-center\"><strong>Stan na: 06.02.2023r<\/strong><\/h3>\n","protected":false},"excerpt":{"rendered":"<p>Postanowienia og\u00f3lne Niniejsza Polityka Prywatno\u015bci jest skierowana do U\u017cytkownik\u00f3w serwisu internetowego zamieszczonego i prowadzonego pod adresem: https:\/\/dti.net.pl\/ (dalej jako: Serwis). Polityka okre\u015bla zasady gromadzenia i przetwarzania danych osobowych pozyskiwanych przez Administratora podczas korzystania z Serwisu. Polityka ta ma r\u00f3wnie\u017c zastosowanie do przetwarzania przez Administratora danych osobowych os\u00f3b obserwuj\u0105cych profil Administratora na portalach spo\u0142eczno\u015bciowych: Facebook, Instagram,&hellip; <br \/> <a class=\"button small blue\" href=\"https:\/\/dti.net.pl\/index.php\/polityka-prywatnosci\/\">Czytaj dalej<\/a><\/p>\n","protected":false},"author":1,"featured_media":0,"parent":0,"menu_order":0,"comment_status":"closed","ping_status":"open","template":"","meta":[],"_links":{"self":[{"href":"https:\/\/dti.net.pl\/index.php\/wp-json\/wp\/v2\/pages\/3"}],"collection":[{"href":"https:\/\/dti.net.pl\/index.php\/wp-json\/wp\/v2\/pages"}],"about":[{"href":"https:\/\/dti.net.pl\/index.php\/wp-json\/wp\/v2\/types\/page"}],"author":[{"embeddable":true,"href":"https:\/\/dti.net.pl\/index.php\/wp-json\/wp\/v2\/users\/1"}],"replies":[{"embeddable":true,"href":"https:\/\/dti.net.pl\/index.php\/wp-json\/wp\/v2\/comments?post=3"}],"version-history":[{"count":1,"href":"https:\/\/dti.net.pl\/index.php\/wp-json\/wp\/v2\/pages\/3\/revisions"}],"predecessor-version":[{"id":287,"href":"https:\/\/dti.net.pl\/index.php\/wp-json\/wp\/v2\/pages\/3\/revisions\/287"}],"wp:attachment":[{"href":"https:\/\/dti.net.pl\/index.php\/wp-json\/wp\/v2\/media?parent=3"}],"curies":[{"name":"wp","href":"https:\/\/api.w.org\/{rel}","templated":true}]}}