{"id":7,"date":"2022-12-21T12:30:21","date_gmt":"2022-12-21T11:30:21","guid":{"rendered":"https:\/\/dti.net.pl\/index.php\/one-page-express\/"},"modified":"2023-02-10T11:50:59","modified_gmt":"2023-02-10T10:50:59","slug":"dti","status":"publish","type":"page","link":"https:\/\/dti.net.pl\/","title":{"rendered":"DTI"},"content":{"rendered":"<div  id=\"oferta\" class=\"about-four-boxes-section\" style=\"background-color: #f6f6f6;\" data-label=\"oferta\" data-id=\"about-four-boxes-section\" data-category=\"about\">\n<div  class=\"\">\n<div  class=\"about-four-boxes-innerrow flexbox-list\">\n<div  class=\"about-four-boxes-imgcol\" style=\"background-image: url('https:\/\/dti.net.pl\/wp-content\/uploads\/2023\/01\/logo-09102.jpg');\" data-bg=\"image\"><\/div>\n<div  class=\"about-four-boxes-textcol\" data-type=\"column\">\n<h2  class=\"\">Obr\u00f3bka metalu<\/h2>\n<h5  class=\"\">Naszym klientom oferujemy frezowanie i toczenie na obrabiarkach CNC, frezowanie konwencjonalne oraz szlifowanie metali. Wykonujemy tak\u017ce obr\u00f3bk\u0119 wg\u0142\u0119bn\u0105 poprzez elektrodr\u0105\u017cenie oraz wycinanie na dr\u0105\u017carce.<\/h5>\nPonadto regenerujemy uszkodzone narz\u0119dzia skrawaj\u0105ce. Zajmujemy si\u0119 r\u00f3wnie\u017c konstruowaniem t\u0142ocznik\u00f3w, wykrojnik\u00f3w, form wtryskowych oraz r\u00f3\u017cnego rodzaju przyrz\u0105d\u00f3w.\n\n<\/div>\n<div  class=\"about-four-boxes-textcol\" data-type=\"column\">\n<h2  class=\"\">Produkty w\u0142asne<\/h2>\n<h5  class=\"\">Wykonujemy r\u00f3\u017cnego rodzaju produkty z tworzyw sztucznych metod\u0105 wtrysku. W ka\u017cdej chwili wykorzystuj\u0105c posiadany park maszynowy, mamy mo\u017cliwo\u015b\u0107 produkcji nowego wyrobu.<\/h5>\n<\/div>\n<div  class=\"about-four-boxes-imgcol2\" style=\"background-image: url('https:\/\/dti.net.pl\/wp-content\/uploads\/2023\/01\/logo-09271.jpg');\" data-bg=\"image\"><\/div>\n<\/div>\n<\/div>\n<\/div><div  id=\"o-nas\" class=\"about-big-images-section\" style=\"background-color: #f6f6f6;\" data-label=\"o nas\" data-id=\"about-big-images-section\" data-category=\"about\">\n<div  class=\"gridContainer\">\n<div  class=\"about-big-images-textrow\">\n<div  class=\"about-big-images-textcol dynamic-color\" data-type=\"column\">\n<h3  class=\"\">Jeste\u015bmy fachow\u0105 narz\u0119dziowni\u0105, kt\u00f3ra k\u0142adzie szczeg\u00f3lny nacisk na jako\u015b\u0107 oferowanych przez nas us\u0142ug.<\/h3>\n<h5  class=\"\">Na pierwszym miejscu stawiamy zawsze zadowolenie i satysfakcj\u0119 naszego klienta. Posiadamy obszern\u0105 wiedz\u0119 na temat obr\u00f3bki skrawaniem i przetw\u00f3rstwa tworzyw sztucznych oraz ponad dwudziestoletnie do\u015bwiadczenie w obu bran\u017cach. W naszym zak\u0142adzie zlokalizowanym w \u015awiebodzicach posiadamy zr\u00f3\u017cnicowany park maszynowy, dzi\u0119ki czemu jeste\u015bmy w stanie zrealizowa\u0107 nawet najbardziej skomplikowane zlecenia naszych klient\u00f3w.<\/h5>\n<\/div>\n<\/div>\n<\/div>\n<div  class=\"about-big-images-bottomrow\">\n<div  class=\"about-big-images-leftimgcol\"><img  decoding=\"async\" class=\"about-big-images-leftimg\" src=\"https:\/\/dti.net.pl\/wp-content\/uploads\/2023\/01\/IMG_4898.jpg\" alt=\"\"><\/div>\n<div  class=\"about-big-images-centerimgcol\"><img  decoding=\"async\" class=\"about-big-images-centerimg\" src=\"https:\/\/dti.net.pl\/wp-content\/uploads\/2023\/01\/IMG_48921.jpg\" alt=\"\"><\/div>\n<div  class=\"about-big-images-rightimgcol\"><img  decoding=\"async\" class=\"about-big-images-rightimg\" src=\"https:\/\/dti.net.pl\/wp-content\/uploads\/2023\/01\/Maszyna-2-DTI.jpg\" alt=\"Maszyna CNC w DTI\"><\/div>\n<\/div>\n<\/div><div  id=\"team\" class=\"testimonials-boxed-section\" style=\"background-color: #f6f6f6;\" data-label=\"team\" data-id=\"testimonials-boxed-section\" data-category=\"testimonials\">\n<div  class=\"gridContainer\">\n<div  class=\"testimonials-boxed-textcol dynamic-color\" data-type=\"column\">\n<h2  class=\"\">Nasz zesp\u00f3\u0142<\/h2>\n<h5  class=\"\">\u201eWsp\u00f3lnie zwykli ludzie mog\u0105 osi\u0105gn\u0105\u0107 niezwyk\u0142e rezultaty.\u201d \u2013 Becka Schoettle<\/h5>\n<\/div>\n<div  class=\"testimonials-boxed-itemsrow dark-text\" data-type=\"row\">\n<div  class=\"testimonials-boxed-itemcol cp4cols cp6cols-tablet\">\n<div  class=\"testimonials-boxed-itemcard\" data-type=\"column\"><img  decoding=\"async\" class=\"testimonials-boxed-itemimg\" src=\"https:\/\/dti.net.pl\/wp-content\/uploads\/2023\/01\/1.png\" alt=\"\" data-size=\"500x500\">\n<h5  class=\"testimonials-boxed-itemname\">Przemys\u0142aw Prusi\u0144ski<\/h5>\n<h6  class=\"testimonials-boxed-itempos\">Kierownik Narz\u0119dziowni<\/h6>\n<h4  class=\"testimonials-boxed-itemtext\">+48 609 437 715\n\n<br >&#112;&#x72;z&#101;&#x6d;e&#107;&#x40;d&#116;&#x69;&#46;&#110;&#x65;t&#46;&#x70;l<\/h4>\n<\/div>\n<\/div>\n<div  class=\"testimonials-boxed-itemcol cp4cols cp6cols-tablet\">\n<div  class=\"testimonials-boxed-itemcard\" data-type=\"column\"><img  decoding=\"async\" class=\"testimonials-boxed-itemimg\" src=\"https:\/\/dti.net.pl\/wp-content\/uploads\/2023\/01\/4.png\" alt=\"\" data-size=\"500x500\">\n<h5  class=\"testimonials-boxed-itemname\">Magdalena Dyduch<\/h5>\n<h6  class=\"testimonials-boxed-itempos\">Administrator Biura<\/h6>\n<h4  class=\"testimonials-boxed-itemtext\">+48 609437748\n\n<br >ma&#103;&#100;&#97;&#x6c;&#x65;&#x6e;&#x61;&#64;d&#116;&#105;&#46;&#x6e;&#x65;&#x74;&#x2e;pl<\/h4>\n<\/div>\n<\/div>\n<div  class=\"testimonials-boxed-itemcol cp4cols cp6cols-tablet\">\n<div  class=\"testimonials-boxed-itemcard\" data-type=\"column\"><img  decoding=\"async\" class=\"testimonials-boxed-itemimg\" src=\"https:\/\/dti.net.pl\/wp-content\/uploads\/2023\/01\/2.png\" alt=\"\" data-size=\"500x500\">\n<h5  class=\"testimonials-boxed-itemname\">Jadwiga Rybka<\/h5>\n<h6  class=\"testimonials-boxed-itempos\">G\u0142\u00f3wna Ksi\u0119gowa<\/h6>\n<h4  class=\"testimonials-boxed-itemtext\">&nbsp;+48 601 945 450\n\n<br >fi&#110;&#97;&#110;&#x73;&#x65;&#x40;&#x64;ti&#46;&#110;&#101;&#x74;&#x2e;&#x70;&#x6c;<\/h4>\n<\/div>\n<\/div>\n<\/div>\n<\/div>\n<\/div><div  id=\"partnerzy\" class=\"clients-grid-section\" style=\"background-color: #f6f6f6;\" data-label=\"Partnerzy\" data-id=\"clients-grid-section\" data-category=\"clients\">\n<div  class=\"gridContainer\">\n<div  class=\"clients-grid-textrow row\" data-type=\"column\">\n<div  class=\"clients-grid-textcol dynamic-color\" data-type=\"column\">\n<h2  class=\"\">Nasi klienci<\/h2>\n<h5  class=\"\">Relacje z naszymi partnerami biznesowymi stawiamy zawsze na pierwszym miejscu.<\/h5>\n<\/div>\n<\/div>\n<div  class=\"row\" data-type=\"row\" data-add-content=\"false\">\n<div  class=\"clients-grid-itemcol cp3cols-tablet cp3cols\">\n<div  class=\"middle_align5\"><a href=\"https:\/\/dti.net.pl\/www.faurecia.com\" target=\"_blank\" rel=\"noopener\"><img  decoding=\"async\" class=\"clients-grid-itemimg\" src=\"https:\/\/dti.net.pl\/wp-content\/uploads\/2023\/01\/12.png\"><\/a><\/div>\n<\/div>\n<div  class=\"clients-grid-itemcol cp3cols-tablet cp3cols\">\n<div  class=\"middle_align5\"><a class=\"\" href=\"https:\/\/cast.pl\" target=\"_blank\" rel=\"noopener\"><img  decoding=\"async\" class=\"clients-grid-itemimg\" src=\"https:\/\/dti.net.pl\/wp-content\/uploads\/2023\/01\/3-2.png\"><\/a><\/div>\n<\/div>\n<div  class=\"clients-grid-itemcol cp3cols-tablet cp3cols\">\n<div  class=\"middle_align5\"><a class=\"\" href=\"https:\/\/www.promont88.pl\" target=\"_blank\" rel=\"noopener\"><img  decoding=\"async\" class=\"clients-grid-itemimg\" src=\"https:\/\/dti.net.pl\/wp-content\/uploads\/2023\/01\/10.png\"><\/a><\/div>\n<\/div>\n<div  class=\"clients-grid-itemcol cp3cols-tablet cp3cols\">\n<div  class=\"middle_align5\"><a href=\"https:\/\/mts-polska.pl\" target=\"_blank\" rel=\"noopener\" class=\"\"><img  decoding=\"async\" class=\"clients-grid-itemimg\" src=\"https:\/\/dti.net.pl\/wp-content\/uploads\/2023\/01\/11.png\"><\/a><\/div>\n<\/div>\n<div  class=\"clients-grid-itemcol cp3cols-tablet cp3cols\">\n<div  class=\"middle_align5\"><a class=\"\" href=\"https:\/\/www.saint-gobain.pl\" target=\"_blank\" rel=\"noopener\"><img  decoding=\"async\" class=\"clients-grid-itemimg\" src=\"https:\/\/dti.net.pl\/wp-content\/uploads\/2023\/01\/8.png\"> <\/a><\/div>\n<\/div>\n<div  class=\"clients-grid-itemcol cp3cols cp3cols-tablet\">\n<div  class=\"middle_align5\"><a class=\"\" href=\"https:\/\/www.schuele.pl\/pl\" target=\"_blank\" rel=\"noopener\"><img  decoding=\"async\" class=\"clients-grid-itemimg\" src=\"https:\/\/dti.net.pl\/wp-content\/uploads\/2023\/01\/7.png\"><\/a><\/div>\n<\/div>\n<div  class=\"clients-grid-itemcol cp3cols cp3cols-tablet\">\n<div  class=\"middle_align5\"><a class=\"\" href=\"http:\/\/www.segepo.fr\/pl\" target=\"_blank\" rel=\"noopener\"><img  decoding=\"async\" class=\"clients-grid-itemimg\" src=\"https:\/\/dti.net.pl\/wp-content\/uploads\/2023\/01\/6.png\"><\/a><\/div>\n<\/div>\n<div  class=\"clients-grid-itemcol cp3cols cp3cols-tablet\">\n<div  class=\"middle_align5\"><a class=\"\" href=\"https:\/\/www.tece.com\/pl\" target=\"_blank\" rel=\"noopener\"><img  decoding=\"async\" class=\"clients-grid-itemimg\" src=\"https:\/\/dti.net.pl\/wp-content\/uploads\/2023\/01\/5.png\"><\/a><\/div>\n<\/div>\n<div  class=\"clients-grid-itemcol cp3cols cp3cols-tablet\">\n<div  class=\"middle_align5\"><a href=\"http:\/\/www.spinko.com.pl\" target=\"_blank\" rel=\"noopener\" class=\"\"><img  decoding=\"async\" class=\"clients-grid-itemimg\" src=\"https:\/\/dti.net.pl\/wp-content\/uploads\/2023\/01\/4-1.png\"><\/a><\/div>\n<\/div>\n<div  class=\"clients-grid-itemcol cp3cols cp3cols-tablet\">\n<div  class=\"middle_align5\"><a class=\"\" href=\"https:\/\/www.eurobox.pl\" target=\"_blank\" rel=\"noopener\"><img  decoding=\"async\" class=\"clients-grid-itemimg\" src=\"https:\/\/dti.net.pl\/wp-content\/uploads\/2023\/01\/13.png\"><\/a><\/div>\n<\/div>\n<div  class=\"clients-grid-itemcol cp3cols cp3cols-tablet\">\n<div  class=\"middle_align5\"><a class=\"\" href=\"https:\/\/www.termet.com.pl\" target=\"_blank\" rel=\"noopener\"><img  decoding=\"async\" class=\"clients-grid-itemimg\" src=\"https:\/\/dti.net.pl\/wp-content\/uploads\/2023\/01\/2-1.png\"><\/a><\/div>\n<\/div>\n<div  class=\"clients-grid-itemcol cp3cols cp3cols-tablet\">\n<div  class=\"middle_align5\"><a href=\"https:\/\/zpasgroup.pl\" target=\"_blank\" rel=\"noopener\" class=\"\"><img  decoding=\"async\" class=\"clients-grid-itemimg\" src=\"https:\/\/dti.net.pl\/wp-content\/uploads\/2023\/01\/1-1.png\"><\/a><\/div>\n<\/div>\n<\/div>\n<\/div>\n<\/div><div  data-label=\"Portfolio\" data-id=\"portfolio-cards-section\" data-category=\"portfolio\" class=\"portfolio-cards-section\" id=\"portfolio-1\" style=\"background-color: rgb(246, 246, 246);\"> <div  class=\"gridContainer\"> <div  class=\"portfolio-cards-textcol dynamic-color\" data-type=\"column\"> <h2  class=\"\">Galeria naszych realizacji<\/h2>  <\/div> <div  class=\"portfolio-cards-projectsro dark-text\" data-type=\"row\"> <div  class=\"portfolio-cards-projectcol cp4cols cp6cols-tablet\"> <div  class=\"portfolio-cards-projectcard\"> <div  class=\"contentswap-effect ContentSwap104\" hover-fx=\"ContentSwap104\" id=\"ContentSwap104\" is-hovered=\"0\"> <div  class=\"ContentSwap104_content initial-image\"><img  decoding=\"async\" class=\"portfolio-cards-projectimg\" data-size=\"1200x800\" src=\"https:\/\/dti.net.pl\/wp-content\/uploads\/2023\/01\/Produkty-DTI.png\"> <\/div> <div  class=\"overlay\" style=\"display: block; opacity: 1;\"><\/div> <div  class=\"swap-inner\" style=\"opacity: 1; display: block;\"> <div  class=\"ContentSwap104-center\"> <a href=\"https:\/\/dti.net.pl\/wp-content\/uploads\/2023\/01\/Produkty-DTI.png\" target=\"_blank\" class=\"\" rel=\"noopener\"><i  data-cp-fa=\"true\" class=\"portfolio-card-icon fa fa-search\"><\/i><\/a> <\/div> <\/div> <\/div> <div  class=\"portfolio-cards-projectinfo\"> <div  class=\"portfolio-cards-projnamecol\" data-type=\"column\"> <a href=\"#\" class=\"portfolio-cards-projlink\" target=\"_self\" rel=\"noopener\"><h4  class=\"portfolio-cards-projtitle\"><\/h4><\/a> <\/div> <\/div> <\/div> <\/div> <div  class=\"portfolio-cards-projectcol cp4cols cp6cols-tablet\"> <div  class=\"portfolio-cards-projectcard\"> <div  class=\"contentswap-effect ContentSwap104\" hover-fx=\"ContentSwap104\" id=\"ContentSwap104\" is-hovered=\"1\"> <div  class=\"ContentSwap104_content initial-image\"><img  decoding=\"async\" class=\"portfolio-cards-projectimg\" data-size=\"1200x800\" src=\"https:\/\/dti.net.pl\/wp-content\/uploads\/2023\/01\/2-4.png\"> <\/div> <div  class=\"overlay\" style=\"display: block; opacity: 1;\"><\/div> <div  class=\"swap-inner\" style=\"opacity: 1; display: block;\"> <div  class=\"ContentSwap104-center\"> <a href=\"https:\/\/dti.net.pl\/wp-content\/uploads\/2023\/01\/2-4.png\" target=\"_blank\" class=\"\" rel=\"noopener\"><i  data-cp-fa=\"true\" class=\"portfolio-card-icon fa fa-search\"><\/i><\/a> <\/div> <\/div> <\/div> <div  class=\"portfolio-cards-projectinfo\"> <div  class=\"portfolio-cards-projnamecol\" data-type=\"column\"> <a href=\"#\" class=\"portfolio-cards-projlink\" target=\"_self\" rel=\"noopener\"><h4  class=\"portfolio-cards-projtitle\"><\/h4><\/a> <\/div> <\/div> <\/div> <\/div> <div  class=\"portfolio-cards-projectcol cp4cols cp6cols-tablet\"> <div  class=\"portfolio-cards-projectcard\"> <div  class=\"contentswap-effect ContentSwap104\" hover-fx=\"ContentSwap104\" id=\"ContentSwap104\" is-hovered=\"1\"> <div  class=\"ContentSwap104_content initial-image\"><img  decoding=\"async\" class=\"portfolio-cards-projectimg\" data-size=\"1200x800\" src=\"https:\/\/dti.net.pl\/wp-content\/uploads\/2023\/01\/10-1.png\"> <\/div> <div  class=\"overlay\" style=\"display: block; opacity: 1;\"><\/div> <div  class=\"swap-inner\" style=\"opacity: 1; display: block;\"> <div  class=\"ContentSwap104-center\"> <a href=\"https:\/\/dti.net.pl\/wp-content\/uploads\/2023\/01\/10-1.png\" target=\"_blank\" class=\"\" rel=\"noopener\"><i  data-cp-fa=\"true\" class=\"portfolio-card-icon fa fa-search\"><\/i><\/a> <\/div> <\/div> <\/div> <div  class=\"portfolio-cards-projectinfo\"> <div  class=\"portfolio-cards-projnamecol\" data-type=\"column\"> <a href=\"#\" class=\"portfolio-cards-projlink\" target=\"_self\" rel=\"noopener\"><h4  class=\"portfolio-cards-projtitle\"><\/h4><\/a> <\/div> <\/div> <\/div> <\/div> <div  class=\"portfolio-cards-projectcol cp4cols cp6cols-tablet\"> <div  class=\"portfolio-cards-projectcard\"> <div  class=\"contentswap-effect ContentSwap104\" hover-fx=\"ContentSwap104\" id=\"ContentSwap104\" is-hovered=\"1\"> <div  class=\"ContentSwap104_content initial-image\"><img  decoding=\"async\" class=\"portfolio-cards-projectimg\" data-size=\"1200x800\" src=\"https:\/\/dti.net.pl\/wp-content\/uploads\/2023\/01\/14.png\"> <\/div> <div  class=\"overlay\" style=\"display: block; opacity: 1;\"><\/div> <div  class=\"swap-inner\" style=\"opacity: 1; display: block;\"> <div  class=\"ContentSwap104-center\"> <a href=\"https:\/\/dti.net.pl\/wp-content\/uploads\/2023\/01\/14.png\" target=\"_blank\" class=\"\" rel=\"noopener\"><i  data-cp-fa=\"true\" class=\"portfolio-card-icon fa fa-search\"><\/i><\/a> <\/div> <\/div> <\/div> <div  class=\"portfolio-cards-projectinfo\"> <div  class=\"portfolio-cards-projnamecol\" data-type=\"column\"> <a href=\"#\" class=\"portfolio-cards-projlink\" target=\"_self\" rel=\"noopener\"><h4  class=\"portfolio-cards-projtitle\"><\/h4><\/a> <\/div> <\/div> <\/div> <\/div> <div  class=\"portfolio-cards-projectcol cp4cols cp6cols-tablet\"> <div  class=\"portfolio-cards-projectcard\"> <div  class=\"contentswap-effect ContentSwap104\" hover-fx=\"ContentSwap104\" id=\"ContentSwap104\" is-hovered=\"1\"> <div  class=\"ContentSwap104_content initial-image\"><img  decoding=\"async\" class=\"portfolio-cards-projectimg\" data-size=\"1200x800\" src=\"https:\/\/dti.net.pl\/wp-content\/uploads\/2023\/01\/13-1.png\"> <\/div> <div  class=\"overlay\" style=\"display: block; opacity: 1;\"><\/div> <div  class=\"swap-inner\" style=\"opacity: 1; display: block;\"> <div  class=\"ContentSwap104-center\"> <a href=\"https:\/\/dti.net.pl\/wp-content\/uploads\/2023\/01\/13-1.png\" target=\"_blank\" class=\"\" rel=\"noopener\"><i  data-cp-fa=\"true\" class=\"portfolio-card-icon fa fa-search\"><\/i><\/a> <\/div> <\/div> <\/div> <div  class=\"portfolio-cards-projectinfo\"> <div  class=\"portfolio-cards-projnamecol\" data-type=\"column\"> <a href=\"#\" class=\"portfolio-cards-projlink\" target=\"_self\" rel=\"noopener\"><h4  class=\"portfolio-cards-projtitle\"><\/h4><\/a> <\/div> <\/div> <\/div> <\/div> <div  class=\"portfolio-cards-projectcol cp4cols cp6cols-tablet\"> <div  class=\"portfolio-cards-projectcard\"> <div  class=\"contentswap-effect ContentSwap104\" hover-fx=\"ContentSwap104\" id=\"ContentSwap104\" is-hovered=\"1\"> <div  class=\"ContentSwap104_content initial-image\"><img  decoding=\"async\" class=\"portfolio-cards-projectimg\" data-size=\"1200x800\" src=\"https:\/\/dti.net.pl\/wp-content\/uploads\/2023\/01\/15.png\"> <\/div> <div  class=\"overlay\" style=\"display: block; opacity: 1;\"><\/div> <div  class=\"swap-inner\" style=\"opacity: 1; display: block;\"> <div  class=\"ContentSwap104-center\"> <a href=\"https:\/\/dti.net.pl\/wp-content\/uploads\/2023\/01\/15.png\" target=\"_blank\" class=\"\" rel=\"noopener\"><i  data-cp-fa=\"true\" class=\"portfolio-card-icon fa fa-search\"><\/i><\/a> <\/div> <\/div> <\/div> <div  class=\"portfolio-cards-projectinfo\"> <div  class=\"portfolio-cards-projnamecol\" data-type=\"column\"> <a href=\"#\" class=\"portfolio-cards-projlink\" target=\"_self\" rel=\"noopener\"><h4  class=\"portfolio-cards-projtitle\"><\/h4><\/a> <\/div> <\/div> <\/div> <\/div> <div  class=\"portfolio-cards-projectcol cp4cols cp6cols-tablet\"> <div  class=\"portfolio-cards-projectcard\"> <div  class=\"contentswap-effect ContentSwap104\" hover-fx=\"ContentSwap104\" id=\"ContentSwap104\" is-hovered=\"0\"> <div  class=\"ContentSwap104_content initial-image\"><img  decoding=\"async\" class=\"portfolio-cards-projectimg\" data-size=\"1200x800\" src=\"https:\/\/dti.net.pl\/wp-content\/uploads\/2023\/01\/16.png\"> <\/div> <div  class=\"overlay\" style=\"display: block; opacity: 1;\"><\/div> <div  class=\"swap-inner\" style=\"opacity: 1; display: block;\"> <div  class=\"ContentSwap104-center\"> <a href=\"https:\/\/dti.net.pl\/wp-content\/uploads\/2023\/01\/16.png\" target=\"_blank\" class=\"\" rel=\"noopener\"><i  data-cp-fa=\"true\" class=\"portfolio-card-icon fa fa-search\"><\/i><\/a> <\/div> <\/div> <\/div> <div  class=\"portfolio-cards-projectinfo\"> <div  class=\"portfolio-cards-projnamecol\" data-type=\"column\"> <a href=\"#\" class=\"portfolio-cards-projlink\" target=\"_self\" rel=\"noopener\"><h4  class=\"portfolio-cards-projtitle\"><\/h4><\/a> <\/div> <\/div> <\/div> <\/div><div  class=\"portfolio-cards-projectcol cp4cols cp6cols-tablet\"> <div  class=\"portfolio-cards-projectcard\"> <div  class=\"contentswap-effect ContentSwap104\" hover-fx=\"ContentSwap104\" id=\"ContentSwap104\" is-hovered=\"0\"> <div  class=\"ContentSwap104_content initial-image\"><img  decoding=\"async\" class=\"portfolio-cards-projectimg\" data-size=\"1200x800\" src=\"https:\/\/dti.net.pl\/wp-content\/uploads\/2023\/01\/6-2.png\"> <\/div> <div  class=\"overlay\" style=\"display: block; opacity: 1;\"><\/div> <div  class=\"swap-inner\" style=\"opacity: 1; display: block;\"> <div  class=\"ContentSwap104-center\"> <a href=\"https:\/\/dti.net.pl\/wp-content\/uploads\/2023\/01\/6-2.png\" target=\"_blank\" class=\"\" rel=\"noopener\"><i  data-cp-fa=\"true\" class=\"portfolio-card-icon fa fa-search\"><\/i><\/a> <\/div> <\/div> <\/div> <div  class=\"portfolio-cards-projectinfo\"> <div  class=\"portfolio-cards-projnamecol\" data-type=\"column\"> <a href=\"#\" class=\"portfolio-cards-projlink\" target=\"_self\" rel=\"noopener\"><h4  class=\"portfolio-cards-projtitle\"><\/h4><\/a> <\/div> <\/div> <\/div> <\/div><div  class=\"portfolio-cards-projectcol cp4cols cp6cols-tablet\"> <div  class=\"portfolio-cards-projectcard\"> <div  class=\"contentswap-effect ContentSwap104\" hover-fx=\"ContentSwap104\" id=\"ContentSwap104\" is-hovered=\"0\"> <div  class=\"ContentSwap104_content initial-image\"><img  decoding=\"async\" class=\"portfolio-cards-projectimg\" data-size=\"1200x800\" src=\"https:\/\/dti.net.pl\/wp-content\/uploads\/2023\/01\/12-1.png\"> <\/div> <div  class=\"overlay\" style=\"display: block; opacity: 1;\"><\/div> <div  class=\"swap-inner\" style=\"opacity: 1; display: block;\"> <div  class=\"ContentSwap104-center\"> <a href=\"https:\/\/dti.net.pl\/wp-content\/uploads\/2023\/01\/12-1.png\" target=\"_blank\" class=\"\" rel=\"noopener\"><i  data-cp-fa=\"true\" class=\"portfolio-card-icon fa fa-search\"><\/i><\/a> <\/div> <\/div> <\/div> <div  class=\"portfolio-cards-projectinfo\"> <div  class=\"portfolio-cards-projnamecol\" data-type=\"column\"> <a href=\"#\" class=\"portfolio-cards-projlink\" target=\"_self\" rel=\"noopener\"><h4  class=\"portfolio-cards-projtitle\"><\/h4><\/a> <\/div> <\/div> <\/div> <\/div><\/div> <\/div><\/div><div  id=\"formularz\" class=\"contact-section-formsection white-text contact-section\" data-label=\"formularz\" data-id=\"contact-section\" data-category=\"contact\" data-bg=\"transparent\" style=\"background-image: url(&quot;https:\/\/dti.net.pl\/wp-content\/uploads\/2023\/01\/Tlo.png&quot;); background-size: auto 978.883px; background-repeat: no-repeat; background-position: center top 86.2018%;\">\n<div  class=\"gridContainer\">\n<div  class=\"row_224\">\n<div  class=\"contact-textrow\">\n<div  class=\"contact-textcol dynamic-color\">\n<h2  class=\"\">Formularz kontaktowy<\/h2>\n<p  class=\"white_text\">Napisz do nas ! To zajmie tylko minut\u0119.<\/p>\n\n<\/div>\n<\/div>\n<\/div>\n<div  class=\"contact-formcol\" data-content-shortcode=\"one_page_express_contact_form shortcode=&quot;contact-form-7 id=&amp;amp;quot;9&amp;amp;quot; title=&amp;amp;quot;Formularz 1&amp;amp;quot;&quot;\" data-editable=\"true\">\n<div class=\"wpcf7 no-js\" id=\"wpcf7-f9-o1\" lang=\"pl-PL\" dir=\"ltr\">\n<div class=\"screen-reader-response\"><p role=\"status\" aria-live=\"polite\" aria-atomic=\"true\"><\/p> <ul><\/ul><\/div>\n<form action=\"\/index.php\/wp-json\/wp\/v2\/pages\/7#wpcf7-f9-o1\" method=\"post\" class=\"wpcf7-form init\" aria-label=\"Formularz kontaktowy\" novalidate=\"novalidate\" data-status=\"init\">\n<div style=\"display: none;\">\n<input type=\"hidden\" name=\"_wpcf7\" value=\"9\" \/>\n<input type=\"hidden\" name=\"_wpcf7_version\" value=\"5.7.3\" \/>\n<input type=\"hidden\" name=\"_wpcf7_locale\" value=\"pl_PL\" \/>\n<input type=\"hidden\" name=\"_wpcf7_unit_tag\" value=\"wpcf7-f9-o1\" \/>\n<input type=\"hidden\" name=\"_wpcf7_container_post\" value=\"0\" \/>\n<input type=\"hidden\" name=\"_wpcf7_posted_data_hash\" value=\"\" \/>\n<\/div>\n<p><label> Twoje imi\u0119<br \/>\n<span class=\"wpcf7-form-control-wrap\" data-name=\"your-name\"><input size=\"40\" class=\"wpcf7-form-control wpcf7-text wpcf7-validates-as-required\" aria-required=\"true\" aria-invalid=\"false\" value=\"\" type=\"text\" name=\"your-name\" \/><\/span> <\/label>\n<\/p>\n<p><label> Tw\u00f3j adres e-mail<br \/>\n<span class=\"wpcf7-form-control-wrap\" data-name=\"your-email\"><input size=\"40\" class=\"wpcf7-form-control wpcf7-text wpcf7-email wpcf7-validates-as-required wpcf7-validates-as-email\" aria-required=\"true\" aria-invalid=\"false\" value=\"\" type=\"email\" name=\"your-email\" \/><\/span> <\/label>\n<\/p>\n<p><label> Temat<br \/>\n<span class=\"wpcf7-form-control-wrap\" data-name=\"your-subject\"><input size=\"40\" class=\"wpcf7-form-control wpcf7-text wpcf7-validates-as-required\" aria-required=\"true\" aria-invalid=\"false\" value=\"\" type=\"text\" name=\"your-subject\" \/><\/span> <\/label>\n<\/p>\n<p><label> Twoja wiadomo\u015bci<br \/>\n<span class=\"wpcf7-form-control-wrap\" data-name=\"your-message\"><textarea cols=\"40\" rows=\"10\" class=\"wpcf7-form-control wpcf7-textarea\" aria-invalid=\"false\" name=\"your-message\"><\/textarea><\/span> <\/label>\n<\/p>\n<p><span class=\"wpcf7-form-control-wrap\" data-name=\"acceptance-872\"><span class=\"wpcf7-form-control wpcf7-acceptance\"><span class=\"wpcf7-list-item\"><label><input type=\"checkbox\" name=\"acceptance-872\" value=\"1\" aria-invalid=\"false\" \/><span class=\"wpcf7-list-item-label\">Wyra\u017cam zgod\u0119 na przetwarzanie moich danych w celach kontaktowych.<\/span><\/label><\/span><\/span><\/span>\n<\/p>\n<p><input class=\"wpcf7-form-control has-spinner wpcf7-submit\" type=\"submit\" value=\"Wy\u015blij\" \/>\n<\/p><div class=\"wpcf7-response-output\" aria-hidden=\"true\"><\/div>\n<\/form>\n<\/div>\n<\/div>\n<\/div>\n<\/div>","protected":false},"excerpt":{"rendered":"<p>Obr\u00f3bka metalu Naszym klientom oferujemy frezowanie i toczenie na obrabiarkach CNC, frezowanie konwencjonalne oraz szlifowanie metali. Wykonujemy tak\u017ce obr\u00f3bk\u0119 wg\u0142\u0119bn\u0105 poprzez elektrodr\u0105\u017cenie oraz wycinanie na dr\u0105\u017carce. Ponadto regenerujemy uszkodzone narz\u0119dzia skrawaj\u0105ce. Zajmujemy si\u0119 r\u00f3wnie\u017c konstruowaniem t\u0142ocznik\u00f3w, wykrojnik\u00f3w, form wtryskowych oraz r\u00f3\u017cnego rodzaju przyrz\u0105d\u00f3w. Produkty w\u0142asne Wykonujemy r\u00f3\u017cnego rodzaju produkty z tworzyw sztucznych metod\u0105 wtrysku. W&hellip; <br \/> <a class=\"button small blue\" href=\"https:\/\/dti.net.pl\/index.php\/witaj-swiecie\/\">Czytaj dalej<\/a><\/p>\n","protected":false},"author":1,"featured_media":0,"parent":0,"menu_order":0,"comment_status":"closed","ping_status":"closed","template":"page-templates\/homepage.php","meta":[],"_links":{"self":[{"href":"https:\/\/dti.net.pl\/index.php\/wp-json\/wp\/v2\/pages\/7"}],"collection":[{"href":"https:\/\/dti.net.pl\/index.php\/wp-json\/wp\/v2\/pages"}],"about":[{"href":"https:\/\/dti.net.pl\/index.php\/wp-json\/wp\/v2\/types\/page"}],"author":[{"embeddable":true,"href":"https:\/\/dti.net.pl\/index.php\/wp-json\/wp\/v2\/users\/1"}],"replies":[{"embeddable":true,"href":"https:\/\/dti.net.pl\/index.php\/wp-json\/wp\/v2\/comments?post=7"}],"version-history":[{"count":58,"href":"https:\/\/dti.net.pl\/index.php\/wp-json\/wp\/v2\/pages\/7\/revisions"}],"predecessor-version":[{"id":289,"href":"https:\/\/dti.net.pl\/index.php\/wp-json\/wp\/v2\/pages\/7\/revisions\/289"}],"wp:attachment":[{"href":"https:\/\/dti.net.pl\/index.php\/wp-json\/wp\/v2\/media?parent=7"}],"curies":[{"name":"wp","href":"https:\/\/api.w.org\/{rel}","templated":true}]}}